{"id":4,"date":"2022-12-29T21:36:20","date_gmt":"2022-12-29T20:36:20","guid":{"rendered":"http:\/\/mml.abm.se\/?page_id=365"},"modified":"2023-10-01T13:34:57","modified_gmt":"2023-10-01T11:34:57","slug":"contact","status":"publish","type":"page","link":"https:\/\/moremoneyleft.com\/en\/sv\/contact\/","title":{"rendered":"Contact"},"content":{"rendered":"<div style=\"height:30px\" aria-hidden=\"true\" class=\"wp-block-spacer\"><\/div>\n\n\n\n<p class=\"has-text-align-center extrafet\" style=\"font-size:22px\"><strong>Your goal is to save money,<\/strong> <strong>isn<\/strong>&#8216;<strong>t it?<\/strong><\/p>\n\n\n\n<div style=\"height:10px\" aria-hidden=\"true\" class=\"wp-block-spacer\"><\/div>\n\n\n\n<p class=\"has-text-align-center has-medium-font-size\">This approach has helped many people so far and you will most likely share their success.&nbsp;<\/p>\n\n\n\n<div style=\"height:10px\" aria-hidden=\"true\" class=\"wp-block-spacer\"><\/div>\n\n\n\n<p class=\"has-text-align-center extrafet\" style=\"font-size:22px;font-style:normal;font-weight:700\"><strong><strong>Guarantee<\/strong>?&nbsp;<\/strong><\/p>\n\n\n\n<div style=\"height:10px\" aria-hidden=\"true\" class=\"wp-block-spacer\"><\/div>\n\n\n\n<p class=\"has-text-align-center has-medium-font-size\">If you follow what you and your coach agreed on and still don&#8217;t save at least what our fee is, you don&#8217;t need to pay anything.<\/p>\n\n\n\n<div style=\"height:30px\" aria-hidden=\"true\" class=\"wp-block-spacer\"><\/div>\n\n\n<div class=\"wp-block-image\">\n<figure class=\"aligncenter size-large is-resized\"><img decoding=\"async\" loading=\"lazy\" src=\"\/wp-content\/uploads\/2022\/12\/rodprick.gif\" alt=\"\" width=\"20\" height=\"20\"\/><\/figure><\/div>\n\n\n<div style=\"height:30px\" aria-hidden=\"true\" class=\"wp-block-spacer\"><\/div>\n\n\n\n<p class=\"has-text-align-center has-medium-font-size\">Please fill in your contact details. Your coach will reach out to you.<\/p>\n\n\n<div class=\"wpforms-container wpforms-container-full\" id=\"wpforms-62\"><form id=\"wpforms-form-62\" class=\"wpforms-validate wpforms-form wpforms-ajax-form\" data-formid=\"62\" method=\"post\" enctype=\"multipart\/form-data\" action=\"\/en\/sv\/wp-json\/wp\/v2\/pages\/4\" data-token=\"4bf1e36637b1741f0d1828246f290ede\" data-trp-original-action=\"\/en\/sv\/wp-json\/wp\/v2\/pages\/4\"><noscript class=\"wpforms-error-noscript\">Aktivera JavaScript i din webbl\u00e4sare f\u00f6r att slutf\u00f6ra detta formul\u00e4r.<\/noscript><div class=\"wpforms-field-container\"><div id=\"wpforms-62-field_0-container\" class=\"wpforms-field wpforms-field-name\" data-field-id=\"0\"><label class=\"wpforms-field-label\" for=\"wpforms-62-field_0\">Name <span class=\"wpforms-required-label\">*<\/span><\/label><input type=\"text\" id=\"wpforms-62-field_0\" class=\"wpforms-field-medium wpforms-field-required\" name=\"wpforms[fields][0]\" required><\/div><div id=\"wpforms-62-field_1-container\" class=\"wpforms-field wpforms-field-email\" data-field-id=\"1\"><label class=\"wpforms-field-label\" for=\"wpforms-62-field_1\">Email <span class=\"wpforms-required-label\">*<\/span><\/label><input type=\"email\" id=\"wpforms-62-field_1\" class=\"wpforms-field-medium wpforms-field-required\" name=\"wpforms[fields][1]\" required><\/div><div id=\"wpforms-62-field_3-container\" class=\"wpforms-field wpforms-field-text\" data-field-id=\"3\"><label class=\"wpforms-field-label\" for=\"wpforms-62-field_3\">Phone<\/label><input type=\"text\" id=\"wpforms-62-field_3\" class=\"wpforms-field-medium\" name=\"wpforms[fields][3]\" ><\/div><div id=\"wpforms-62-field_5-container\" class=\"wpforms-field wpforms-field-text\" data-field-id=\"5\"><label class=\"wpforms-field-label\" for=\"wpforms-62-field_5\">ID Line<\/label><input type=\"text\" id=\"wpforms-62-field_5\" class=\"wpforms-field-medium\" name=\"wpforms[fields][5]\" ><\/div><div id=\"wpforms-62-field_2-container\" class=\"wpforms-field wpforms-field-textarea\" data-field-id=\"2\"><label class=\"wpforms-field-label\" for=\"wpforms-62-field_2\">Comment or Message<\/label><textarea id=\"wpforms-62-field_2\" class=\"wpforms-field-medium\" name=\"wpforms[fields][2]\" ><\/textarea><\/div><\/div><div class=\"wpforms-submit-container\"><input type=\"hidden\" name=\"wpforms[id]\" value=\"62\"><input type=\"hidden\" name=\"wpforms[author]\" value=\"1\"><button type=\"submit\" name=\"wpforms[submit]\" id=\"wpforms-submit-62\" class=\"wpforms-submit\" data-alt-text=\"Sending...\" data-submit-text=\"Submit\" aria-live=\"assertive\" value=\"wpforms-submit\">Submit<\/button><img src=\"https:\/\/moremoneyleft.com\/en\/wp-content\/plugins\/wpforms-lite\/assets\/images\/submit-spin.svg\" class=\"wpforms-submit-spinner\" style=\"display: none;\" width=\"26\" height=\"26\" alt=\"Laddar\"><\/div><input type=\"hidden\" name=\"trp-form-language\" value=\"sv\"\/><\/form><\/div>  <!-- .wpforms-container -->\n\n\n<div style=\"height:30px\" aria-hidden=\"true\" class=\"wp-block-spacer\"><\/div>\n\n\n\n<div class=\"is-layout-flex wp-block-buttons\">\n<div class=\"wp-block-button aligncenter is-style-primary\"><a class=\"wp-block-button__link wp-element-button\" href=\"#booknow\">BOOK NOW BELOW<\/a><\/div>\n<\/div>\n\n\n\n<p id=\"booknow\"><\/p>\n\n\n\n<div style=\"height:30px\" aria-hidden=\"true\" class=\"wp-block-spacer\"><\/div>","protected":false},"excerpt":{"rendered":"<p>Your goal is to save money, isn&#8216;t it? This approach has helped many people so far and you will most likely share their success.&nbsp; Guarantee?&nbsp; If you follow what you and your coach agreed on and still don&#8217;t save at least what our fee is, you don&#8217;t need to pay anything. Please fill in your&hellip;&nbsp;<a href=\"https:\/\/moremoneyleft.com\/en\/sv\/contact\/\" class=\"\" rel=\"bookmark\">L\u00e4s mer &raquo;<span class=\"screen-reader-text\">Contact<\/span><\/a><\/p>","protected":false},"author":1,"featured_media":0,"parent":0,"menu_order":0,"comment_status":"closed","ping_status":"closed","template":"","meta":{"neve_meta_sidebar":"","neve_meta_container":"","neve_meta_enable_content_width":"","neve_meta_content_width":0,"neve_meta_title_alignment":"","neve_meta_author_avatar":"","neve_post_elements_order":"","neve_meta_disable_header":"","neve_meta_disable_footer":"","neve_meta_disable_title":"on"},"_links":{"self":[{"href":"https:\/\/moremoneyleft.com\/en\/sv\/wp-json\/wp\/v2\/pages\/4"}],"collection":[{"href":"https:\/\/moremoneyleft.com\/en\/sv\/wp-json\/wp\/v2\/pages"}],"about":[{"href":"https:\/\/moremoneyleft.com\/en\/sv\/wp-json\/wp\/v2\/types\/page"}],"author":[{"embeddable":true,"href":"https:\/\/moremoneyleft.com\/en\/sv\/wp-json\/wp\/v2\/users\/1"}],"replies":[{"embeddable":true,"href":"https:\/\/moremoneyleft.com\/en\/sv\/wp-json\/wp\/v2\/comments?post=4"}],"version-history":[{"count":8,"href":"https:\/\/moremoneyleft.com\/en\/sv\/wp-json\/wp\/v2\/pages\/4\/revisions"}],"predecessor-version":[{"id":200,"href":"https:\/\/moremoneyleft.com\/en\/sv\/wp-json\/wp\/v2\/pages\/4\/revisions\/200"}],"wp:attachment":[{"href":"https:\/\/moremoneyleft.com\/en\/sv\/wp-json\/wp\/v2\/media?parent=4"}],"curies":[{"name":"wp","href":"https:\/\/api.w.org\/{rel}","templated":true}]}}