{"id":365,"date":"2022-12-29T21:36:20","date_gmt":"2022-12-29T20:36:20","guid":{"rendered":"http:\/\/mml.abm.se\/?page_id=365"},"modified":"2024-01-05T06:45:21","modified_gmt":"2024-01-05T05:45:21","slug":"contact","status":"publish","type":"page","link":"https:\/\/moremoneyleft.com\/th\/sv\/contact\/","title":{"rendered":"\u0e15\u0e34\u0e14\u0e15\u0e48\u0e2d"},"content":{"rendered":"<div style=\"height:30px\" aria-hidden=\"true\" class=\"wp-block-spacer\"><\/div>\n\n\n\n<p class=\"has-text-align-center extrafet\" style=\"font-size:22px\">\u0e1b\u0e49\u0e32\u0e2b\u0e21\u0e32\u0e22\u0e02\u0e2d\u0e07\u0e04\u0e38\u0e13\u0e04\u0e37\u0e2d\u0e01\u0e32\u0e23\u0e2d\u0e2d\u0e21\u0e40\u0e07\u0e34\u0e19\u0e43\u0e0a\u0e48\u0e21\u0e31\u0e49\u0e22?<\/p>\n\n\n\n<div style=\"height:10px\" aria-hidden=\"true\" class=\"wp-block-spacer\"><\/div>\n\n\n\n<p class=\"has-text-align-center has-medium-font-size\">\u0e41\u0e19\u0e27\u0e17\u0e32\u0e07\u0e19\u0e35\u0e49\u0e44\u0e14\u0e49\u0e0a\u0e48\u0e27\u0e22\u0e40\u0e2b\u0e25\u0e37\u0e2d\u0e1c\u0e39\u0e49\u0e04\u0e19\u0e21\u0e32\u0e01\u0e21\u0e32\u0e22\u0e41\u0e25\u0e30\u0e04\u0e38\u0e13\u0e19\u0e48\u0e32\u0e08\u0e30\u0e2d\u0e22\u0e32\u0e01\u0e1b\u0e23\u0e30\u0e2a\u0e1a\u0e04\u0e27\u0e32\u0e21\u0e2a\u0e33\u0e40\u0e23\u0e47\u0e08\u0e41\u0e1a\u0e1a\u0e40\u0e02\u0e32\u0e40\u0e2b\u0e25\u0e48\u0e32\u0e19\u0e31\u0e49\u0e19.<\/p>\n\n\n\n<div style=\"height:10px\" aria-hidden=\"true\" class=\"wp-block-spacer\"><\/div>\n\n\n\n<p class=\"has-text-align-center extrafet\" style=\"font-size:22px;font-style:normal;font-weight:700\">\u0e23\u0e31\u0e1a\u0e1b\u0e23\u0e30\u0e01\u0e31\u0e19?<strong>&nbsp;<\/strong><\/p>\n\n\n\n<div style=\"height:10px\" aria-hidden=\"true\" class=\"wp-block-spacer\"><\/div>\n\n\n\n<p class=\"has-text-align-center has-medium-font-size\">\u0e2b\u0e32\u0e01\u0e04\u0e38\u0e13\u0e1b\u0e0f\u0e34\u0e1a\u0e31\u0e15\u0e34\u0e15\u0e32\u0e21\u0e2a\u0e34\u0e48\u0e07\u0e17\u0e35\u0e48\u0e04\u0e38\u0e13\u0e41\u0e25\u0e30\u0e42\u0e04\u0e49\u0e0a\u0e15\u0e01\u0e25\u0e07\u0e01\u0e31\u0e19\u0e41\u0e25\u0e30\u0e22\u0e31\u0e07\u0e44\u0e21\u0e48\u0e2a\u0e32\u0e21\u0e32\u0e23\u0e16\u0e2d\u0e2d\u0e21\u0e40\u0e07\u0e34\u0e19\u0e44\u0e14\u0e49 \u0e2d\u0e22\u0e48\u0e32\u0e07\u0e19\u0e49\u0e2d\u0e22\u0e04\u0e38\u0e13\u0e01\u0e47\u0e44\u0e21\u0e48\u0e08\u0e33\u0e40\u0e1b\u0e47\u0e19\u0e15\u0e49\u0e2d\u0e07\u0e08\u0e48\u0e32\u0e22\u0e2d\u0e30\u0e44\u0e23\u0e40\u0e25\u0e22.<\/p>\n\n\n\n<div style=\"height:30px\" aria-hidden=\"true\" class=\"wp-block-spacer\"><\/div>\n\n\n<div class=\"wp-block-image\">\n<figure class=\"aligncenter size-large is-resized\"><img decoding=\"async\" loading=\"lazy\" src=\"\/wp-content\/uploads\/sites\/5\/2022\/12\/rodprick.gif\" alt=\"\" width=\"20\" height=\"20\"\/><\/figure><\/div>\n\n\n<div style=\"height:30px\" aria-hidden=\"true\" class=\"wp-block-spacer\"><\/div>\n\n\n\n<p class=\"has-text-align-center has-medium-font-size\">\u0e01\u0e23\u0e38\u0e13\u0e32\u0e01\u0e23\u0e2d\u0e01\u0e23\u0e32\u0e22\u0e25\u0e30\u0e40\u0e2d\u0e35\u0e22\u0e14\u0e01\u0e32\u0e23\u0e15\u0e34\u0e14\u0e15\u0e48\u0e2d\u0e02\u0e2d\u0e07\u0e04\u0e38\u0e13 \u0e42\u0e04\u0e49\u0e0a\u0e02\u0e2d\u0e07\u0e04\u0e38\u0e13\u0e08\u0e30\u0e15\u0e34\u0e14\u0e15\u0e48\u0e2d\u0e04\u0e38\u0e13.<\/p>\n\n\n<div class=\"wpforms-container wpforms-container-full\" id=\"wpforms-399\"><form id=\"wpforms-form-399\" class=\"wpforms-validate wpforms-form wpforms-ajax-form\" data-formid=\"399\" method=\"post\" enctype=\"multipart\/form-data\" action=\"\/th\/sv\/wp-json\/wp\/v2\/pages\/365\" data-token=\"eff0e2578e5d8a7f4f3599f0766c58d1\" data-trp-original-action=\"\/th\/sv\/wp-json\/wp\/v2\/pages\/365\"><noscript class=\"wpforms-error-noscript\">Aktivera JavaScript i din webbl\u00e4sare f\u00f6r att slutf\u00f6ra detta formul\u00e4r.<\/noscript><div class=\"wpforms-field-container\"><div id=\"wpforms-399-field_0-container\" class=\"wpforms-field wpforms-field-name\" data-field-id=\"0\"><label class=\"wpforms-field-label\" for=\"wpforms-399-field_0\">\u0e0a\u0e37\u0e48\u0e2d <span class=\"wpforms-required-label\">*<\/span><\/label><input type=\"text\" id=\"wpforms-399-field_0\" class=\"wpforms-field-medium wpforms-field-required\" name=\"wpforms[fields][0]\" required><\/div><div id=\"wpforms-399-field_1-container\" class=\"wpforms-field wpforms-field-email\" data-field-id=\"1\"><label class=\"wpforms-field-label\" for=\"wpforms-399-field_1\">\u0e2d\u0e35\u0e40\u0e21\u0e25 <span class=\"wpforms-required-label\">*<\/span><\/label><input type=\"email\" id=\"wpforms-399-field_1\" class=\"wpforms-field-medium wpforms-field-required\" name=\"wpforms[fields][1]\" required><\/div><div id=\"wpforms-399-field_6-container\" class=\"wpforms-field wpforms-field-text\" data-field-id=\"6\"><label class=\"wpforms-field-label\" for=\"wpforms-399-field_6\">\u0e44\u0e2d\u0e14\u0e35 Line<\/label><input type=\"text\" id=\"wpforms-399-field_6\" class=\"wpforms-field-medium\" name=\"wpforms[fields][6]\" ><\/div><div id=\"wpforms-399-field_4-container\" class=\"wpforms-field wpforms-field-text\" data-field-id=\"4\"><label class=\"wpforms-field-label\" for=\"wpforms-399-field_4\">\u0e42\u0e17\u0e23\u0e28\u0e31\u0e1e\u0e17\u0e4c<\/label><input type=\"text\" id=\"wpforms-399-field_4\" class=\"wpforms-field-medium\" name=\"wpforms[fields][4]\" ><\/div><div id=\"wpforms-399-field_2-container\" class=\"wpforms-field wpforms-field-textarea\" data-field-id=\"2\"><label class=\"wpforms-field-label\" for=\"wpforms-399-field_2\">\u0e41\u0e2a\u0e14\u0e07\u0e04\u0e27\u0e32\u0e21\u0e04\u0e34\u0e14\u0e40\u0e2b\u0e47\u0e19\u0e2b\u0e23\u0e37\u0e2d\u0e02\u0e49\u0e2d\u0e04\u0e27\u0e32\u0e21<\/label><textarea id=\"wpforms-399-field_2\" class=\"wpforms-field-medium\" name=\"wpforms[fields][2]\" ><\/textarea><\/div><div id=\"wpforms-399-field_7-container\" class=\"wpforms-field wpforms-field-checkbox\" data-field-id=\"7\"><ul id=\"wpforms-399-field_7\"><li class=\"choice-3 depth-1\"><input type=\"checkbox\" id=\"wpforms-399-field_7_3\" name=\"wpforms[fields][7][]\" value=\"\u0e43\u0e0a\u0e48! \u0e09\u0e31\u0e19\u0e15\u0e49\u0e2d\u0e07\u0e01\u0e32\u0e23 \u0e01\u0e32\u0e23\u0e2a\u0e32\u0e18\u0e34\u0e15\u0e02\u0e2d\u0e07\u0e41\u0e2d\u0e1b MML ( \u0e1a\u0e19\u0e40\u0e27\u0e47\u0e1a\u0e44\u0e0b\u0e15\u0e4c MML)\"  ><label class=\"wpforms-field-label-inline\" for=\"wpforms-399-field_7_3\">\u0e43\u0e0a\u0e48! \u0e09\u0e31\u0e19\u0e15\u0e49\u0e2d\u0e07\u0e01\u0e32\u0e23 \u0e01\u0e32\u0e23\u0e2a\u0e32\u0e18\u0e34\u0e15\u0e02\u0e2d\u0e07\u0e41\u0e2d\u0e1b MML ( \u0e1a\u0e19\u0e40\u0e27\u0e47\u0e1a\u0e44\u0e0b\u0e15\u0e4c MML)<\/label><\/li><li class=\"choice-4 depth-1\"><input type=\"checkbox\" id=\"wpforms-399-field_7_4\" name=\"wpforms[fields][7][]\" value=\"\u0e43\u0e0a\u0e48! \u0e09\u0e31\u0e19\u0e15\u0e49\u0e2d\u0e07\u0e01\u0e32\u0e23\u0e08\u0e2d\u0e07\u0e40\u0e0b\u0e2a\u0e0a\u0e31\u0e48\u0e19\u0e40\u0e23\u0e34\u0e48\u0e21\u0e15\u0e49\u0e19\u0e1f\u0e23\u0e35 30 \u0e19\u0e32\u0e17\u0e35 (\u0e40\u0e21\u0e37\u0e48\u0e2d\u0e04\u0e38\u0e13\u0e15\u0e01\u0e25\u0e07\u0e2a\u0e21\u0e31\u0e04\u0e23\u0e40\u0e1b\u0e47\u0e19\u0e2a\u0e21\u0e32\u0e0a\u0e34\u0e01 3  \u0e40\u0e14\u0e37\u0e2d\u0e19)\"  ><label class=\"wpforms-field-label-inline\" for=\"wpforms-399-field_7_4\">\u0e43\u0e0a\u0e48! \u0e09\u0e31\u0e19\u0e15\u0e49\u0e2d\u0e07\u0e01\u0e32\u0e23\u0e08\u0e2d\u0e07\u0e40\u0e0b\u0e2a\u0e0a\u0e31\u0e48\u0e19\u0e40\u0e23\u0e34\u0e48\u0e21\u0e15\u0e49\u0e19\u0e1f\u0e23\u0e35 30 \u0e19\u0e32\u0e17\u0e35 (\u0e40\u0e21\u0e37\u0e48\u0e2d\u0e04\u0e38\u0e13\u0e15\u0e01\u0e25\u0e07\u0e2a\u0e21\u0e31\u0e04\u0e23\u0e40\u0e1b\u0e47\u0e19\u0e2a\u0e21\u0e32\u0e0a\u0e34\u0e01 3  \u0e40\u0e14\u0e37\u0e2d\u0e19)<\/label><\/li><li class=\"choice-1 depth-1\"><input type=\"checkbox\" id=\"wpforms-399-field_7_1\" name=\"wpforms[fields][7][]\" value=\"\u0e01\u0e32\u0e23\u0e1d\u0e36\u0e01\u0e2a\u0e2d\u0e19 - \u0e08\u0e2d\u0e07\u0e40\u0e0b\u0e2a\u0e0a\u0e31\u0e48\u0e19\u0e1d\u0e36\u0e01\u0e2a\u0e2d\u0e19 \u0e2a\u0e33\u0e2b\u0e23\u0e31\u0e1a\u0e25\u0e39\u0e01\u0e04\u0e49\u0e32\u0e1b\u0e31\u0e08\u0e08\u0e38\u0e1a\u0e31\u0e19\"  ><label class=\"wpforms-field-label-inline\" for=\"wpforms-399-field_7_1\">\u0e01\u0e32\u0e23\u0e1d\u0e36\u0e01\u0e2a\u0e2d\u0e19 - \u0e08\u0e2d\u0e07\u0e40\u0e0b\u0e2a\u0e0a\u0e31\u0e48\u0e19\u0e1d\u0e36\u0e01\u0e2a\u0e2d\u0e19 \u0e2a\u0e33\u0e2b\u0e23\u0e31\u0e1a\u0e25\u0e39\u0e01\u0e04\u0e49\u0e32\u0e1b\u0e31\u0e08\u0e08\u0e38\u0e1a\u0e31\u0e19<\/label><\/li><\/ul><\/div><\/div><div class=\"wpforms-submit-container\"><input type=\"hidden\" name=\"wpforms[id]\" value=\"399\"><input type=\"hidden\" name=\"wpforms[author]\" value=\"1\"><button type=\"submit\" name=\"wpforms[submit]\" id=\"wpforms-submit-399\" class=\"wpforms-submit\" data-alt-text=\"\u0e01\u0e33\u0e25\u0e31\u0e07\u0e2a\u0e48\u0e07\u2026\" data-submit-text=\"\u0e2a\u0e48\u0e07\" aria-live=\"assertive\" value=\"wpforms-submit\">\u0e2a\u0e48\u0e07<\/button><img src=\"https:\/\/moremoneyleft.com\/th\/wp-content\/plugins\/wpforms-lite\/assets\/images\/submit-spin.svg\" class=\"wpforms-submit-spinner\" style=\"display: none;\" width=\"26\" height=\"26\" alt=\"Laddar\"><\/div><input type=\"hidden\" name=\"trp-form-language\" value=\"sv\"\/><\/form><\/div>  <!-- .wpforms-container -->\n\n\n<div style=\"height:30px\" aria-hidden=\"true\" class=\"wp-block-spacer\"><\/div>\n\n\n\n<div class=\"is-layout-flex wp-block-buttons\"><\/div>\n\n\n\n<p id=\"booknow\"><\/p>\n\n\n\n<div style=\"height:30px\" aria-hidden=\"true\" class=\"wp-block-spacer\"><\/div>","protected":false},"excerpt":{"rendered":"<p>\u0e1b\u0e49\u0e32\u0e2b\u0e21\u0e32\u0e22\u0e02\u0e2d\u0e07\u0e04\u0e38\u0e13\u0e04\u0e37\u0e2d\u0e01\u0e32\u0e23\u0e2d\u0e2d\u0e21\u0e40\u0e07\u0e34\u0e19\u0e43\u0e0a\u0e48\u0e21\u0e31\u0e49\u0e22? \u0e41\u0e19\u0e27\u0e17\u0e32\u0e07\u0e19\u0e35\u0e49\u0e44\u0e14\u0e49\u0e0a\u0e48\u0e27\u0e22\u0e40\u0e2b\u0e25\u0e37\u0e2d\u0e1c\u0e39\u0e49\u0e04\u0e19\u0e21\u0e32\u0e01\u0e21\u0e32\u0e22\u0e41\u0e25\u0e30\u0e04\u0e38\u0e13\u0e19\u0e48\u0e32\u0e08\u0e30\u0e2d\u0e22\u0e32\u0e01\u0e1b\u0e23\u0e30\u0e2a\u0e1a\u0e04\u0e27\u0e32\u0e21\u0e2a\u0e33\u0e40\u0e23\u0e47\u0e08\u0e41\u0e1a\u0e1a\u0e40\u0e02\u0e32\u0e40\u0e2b\u0e25\u0e48\u0e32\u0e19\u0e31\u0e49\u0e19. \u0e23\u0e31\u0e1a\u0e1b\u0e23\u0e30\u0e01\u0e31\u0e19?&nbsp; \u0e2b\u0e32\u0e01\u0e04\u0e38\u0e13\u0e1b\u0e0f\u0e34\u0e1a\u0e31\u0e15\u0e34\u0e15\u0e32\u0e21\u0e2a\u0e34\u0e48\u0e07\u0e17\u0e35\u0e48\u0e04\u0e38\u0e13\u0e41\u0e25\u0e30\u0e42\u0e04\u0e49\u0e0a\u0e15\u0e01\u0e25\u0e07\u0e01\u0e31\u0e19\u0e41\u0e25\u0e30\u0e22\u0e31\u0e07\u0e44\u0e21\u0e48\u0e2a\u0e32\u0e21\u0e32\u0e23\u0e16\u0e2d\u0e2d\u0e21\u0e40\u0e07\u0e34\u0e19\u0e44\u0e14\u0e49 \u0e2d\u0e22\u0e48\u0e32\u0e07\u0e19\u0e49\u0e2d\u0e22\u0e04\u0e38\u0e13\u0e01\u0e47\u0e44\u0e21\u0e48\u0e08\u0e33\u0e40\u0e1b\u0e47\u0e19\u0e15\u0e49\u0e2d\u0e07\u0e08\u0e48\u0e32\u0e22\u0e2d\u0e30\u0e44\u0e23\u0e40\u0e25\u0e22. \u0e01\u0e23\u0e38\u0e13\u0e32\u0e01\u0e23\u0e2d\u0e01\u0e23\u0e32\u0e22\u0e25\u0e30\u0e40\u0e2d\u0e35\u0e22\u0e14\u0e01\u0e32\u0e23\u0e15\u0e34\u0e14\u0e15\u0e48\u0e2d\u0e02\u0e2d\u0e07\u0e04\u0e38\u0e13 \u0e42\u0e04\u0e49\u0e0a\u0e02\u0e2d\u0e07\u0e04\u0e38\u0e13\u0e08\u0e30\u0e15\u0e34\u0e14\u0e15\u0e48\u0e2d\u0e04\u0e38\u0e13.<\/p>","protected":false},"author":1,"featured_media":0,"parent":0,"menu_order":0,"comment_status":"closed","ping_status":"closed","template":"","meta":{"neve_meta_sidebar":"","neve_meta_container":"","neve_meta_enable_content_width":"","neve_meta_content_width":0,"neve_meta_title_alignment":"","neve_meta_author_avatar":"","neve_post_elements_order":"","neve_meta_disable_header":"","neve_meta_disable_footer":"","neve_meta_disable_title":"on"},"_links":{"self":[{"href":"https:\/\/moremoneyleft.com\/th\/sv\/wp-json\/wp\/v2\/pages\/365"}],"collection":[{"href":"https:\/\/moremoneyleft.com\/th\/sv\/wp-json\/wp\/v2\/pages"}],"about":[{"href":"https:\/\/moremoneyleft.com\/th\/sv\/wp-json\/wp\/v2\/types\/page"}],"author":[{"embeddable":true,"href":"https:\/\/moremoneyleft.com\/th\/sv\/wp-json\/wp\/v2\/users\/1"}],"replies":[{"embeddable":true,"href":"https:\/\/moremoneyleft.com\/th\/sv\/wp-json\/wp\/v2\/comments?post=365"}],"version-history":[{"count":18,"href":"https:\/\/moremoneyleft.com\/th\/sv\/wp-json\/wp\/v2\/pages\/365\/revisions"}],"predecessor-version":[{"id":653,"href":"https:\/\/moremoneyleft.com\/th\/sv\/wp-json\/wp\/v2\/pages\/365\/revisions\/653"}],"wp:attachment":[{"href":"https:\/\/moremoneyleft.com\/th\/sv\/wp-json\/wp\/v2\/media?parent=365"}],"curies":[{"name":"wp","href":"https:\/\/api.w.org\/{rel}","templated":true}]}}